{"id":8,"date":"2023-01-24T23:18:37","date_gmt":"2023-01-24T22:18:37","guid":{"rendered":"http:\/\/wwuipzb.cluster031.hosting.ovh.net\/?page_id=8"},"modified":"2026-01-25T22:39:45","modified_gmt":"2026-01-25T21:39:45","slug":"activites","status":"publish","type":"page","link":"https:\/\/www.lahalteducoeurafrique.fr\/index.php\/activites\/","title":{"rendered":"ACTIVITES"},"content":{"rendered":"\t\t<div data-elementor-type=\"wp-page\" data-elementor-id=\"8\" class=\"elementor elementor-8\">\n\t\t\t\t\t\t<section class=\"elementor-section elementor-top-section elementor-element elementor-element-0b21dc6 elementor-section-boxed elementor-section-height-default elementor-section-height-default\" data-id=\"0b21dc6\" data-element_type=\"section\">\n\t\t\t\t\t\t<div class=\"elementor-container elementor-column-gap-default\">\n\t\t\t\t\t<div class=\"elementor-column elementor-col-100 elementor-top-column elementor-element elementor-element-a287d8f\" data-id=\"a287d8f\" data-element_type=\"column\">\n\t\t\t<div class=\"elementor-widget-wrap elementor-element-populated\">\n\t\t\t\t\t\t<div class=\"elementor-element elementor-element-69c0c3d elementor-widget elementor-widget-heading\" data-id=\"69c0c3d\" data-element_type=\"widget\" data-widget_type=\"heading.default\">\n\t\t\t\t<div class=\"elementor-widget-container\">\n\t\t\t\t\t<h2 class=\"elementor-heading-title elementor-size-default\">Les activit\u00e9s de l'association<\/h2>\t\t\t\t<\/div>\n\t\t\t\t<\/div>\n\t\t\t\t\t<\/div>\n\t\t<\/div>\n\t\t\t\t\t<\/div>\n\t\t<\/section>\n\t\t\t\t<section class=\"elementor-section elementor-top-section elementor-element elementor-element-a46bee3 elementor-section-boxed elementor-section-height-default elementor-section-height-default\" data-id=\"a46bee3\" data-element_type=\"section\">\n\t\t\t\t\t\t<div class=\"elementor-container elementor-column-gap-default\">\n\t\t\t\t\t<div class=\"elementor-column elementor-col-50 elementor-top-column elementor-element elementor-element-0e33f6d\" data-id=\"0e33f6d\" data-element_type=\"column\">\n\t\t\t<div class=\"elementor-widget-wrap elementor-element-populated\">\n\t\t\t\t\t\t<div class=\"elementor-element elementor-element-b4137d0 elementor-widget elementor-widget-image\" data-id=\"b4137d0\" data-element_type=\"widget\" data-widget_type=\"image.default\">\n\t\t\t\t<div class=\"elementor-widget-container\">\n\t\t\t\t\t\t\t\t\t\t\t\t\t\t\t<img fetchpriority=\"high\" decoding=\"async\" width=\"2000\" height=\"1000\" src=\"https:\/\/www.lahalteducoeurafrique.fr\/wp-content\/uploads\/2023\/01\/transport.jpg\" class=\"attachment-2048x2048 size-2048x2048 wp-image-113\" alt=\"\" srcset=\"https:\/\/www.lahalteducoeurafrique.fr\/wp-content\/uploads\/2023\/01\/transport.jpg 2000w, https:\/\/www.lahalteducoeurafrique.fr\/wp-content\/uploads\/2023\/01\/transport-300x150.jpg 300w, https:\/\/www.lahalteducoeurafrique.fr\/wp-content\/uploads\/2023\/01\/transport-1024x512.jpg 1024w, https:\/\/www.lahalteducoeurafrique.fr\/wp-content\/uploads\/2023\/01\/transport-768x384.jpg 768w, https:\/\/www.lahalteducoeurafrique.fr\/wp-content\/uploads\/2023\/01\/transport-1536x768.jpg 1536w\" sizes=\"(max-width: 2000px) 100vw, 2000px\" \/>\t\t\t\t\t\t\t\t\t\t\t\t\t\t\t<\/div>\n\t\t\t\t<\/div>\n\t\t\t\t\t<\/div>\n\t\t<\/div>\n\t\t\t\t<div class=\"elementor-column elementor-col-50 elementor-top-column elementor-element elementor-element-89005a9\" data-id=\"89005a9\" data-element_type=\"column\">\n\t\t\t<div class=\"elementor-widget-wrap elementor-element-populated\">\n\t\t\t\t\t\t<div class=\"elementor-element elementor-element-3bfd657 elementor-widget elementor-widget-text-editor\" data-id=\"3bfd657\" data-element_type=\"widget\" data-widget_type=\"text-editor.default\">\n\t\t\t\t<div class=\"elementor-widget-container\">\n\t\t\t\t\t\t\t\t\t<p><span style=\"text-decoration: underline;\"><strong>Transport<\/strong><\/span><\/p><p>Pour le compte d\u2019associations, \u00e9coles, institutions, particuliers souhaitant envoyer des marchandises exclusivement \u00e0 but humanitaire \u00e0 des b\u00e9n\u00e9ficiaires au Burkina Faso.<\/p><p>Une\u00a0 logistique \u00e0 votre service trois fois par an pour vos envois vers le Burkina Faso.<\/p><p>Un transport maritime s\u00e9curis\u00e9 jusqu\u2019\u00e0 Ouagadougou (capitale du Burkina Faso).<\/p><p>Les r\u00e9ceptions et les distributions sont assur\u00e9es par l&rsquo;association\u00a0 BURKINA COEUR OUVERT et d\u2019autres associations partenaires de la Halte du C\u0153ur Afrique.<\/p>\t\t\t\t\t\t\t\t<\/div>\n\t\t\t\t<\/div>\n\t\t\t\t\t<\/div>\n\t\t<\/div>\n\t\t\t\t\t<\/div>\n\t\t<\/section>\n\t\t\t\t<section class=\"elementor-section elementor-top-section elementor-element elementor-element-01bdaf2 elementor-section-boxed elementor-section-height-default elementor-section-height-default\" data-id=\"01bdaf2\" data-element_type=\"section\">\n\t\t\t\t\t\t<div class=\"elementor-container elementor-column-gap-default\">\n\t\t\t\t\t<div class=\"elementor-column elementor-col-50 elementor-top-column elementor-element elementor-element-f96f531\" data-id=\"f96f531\" data-element_type=\"column\">\n\t\t\t<div class=\"elementor-widget-wrap elementor-element-populated\">\n\t\t\t\t\t\t<div class=\"elementor-element elementor-element-df94642 elementor-widget elementor-widget-image\" data-id=\"df94642\" data-element_type=\"widget\" data-widget_type=\"image.default\">\n\t\t\t\t<div class=\"elementor-widget-container\">\n\t\t\t\t\t\t\t\t\t\t\t\t\t\t\t<img decoding=\"async\" width=\"1024\" height=\"682\" src=\"https:\/\/www.lahalteducoeurafrique.fr\/wp-content\/uploads\/2023\/01\/boite-dons-1024x682.jpg\" class=\"attachment-large size-large wp-image-112\" alt=\"\" srcset=\"https:\/\/www.lahalteducoeurafrique.fr\/wp-content\/uploads\/2023\/01\/boite-dons-1024x682.jpg 1024w, https:\/\/www.lahalteducoeurafrique.fr\/wp-content\/uploads\/2023\/01\/boite-dons-300x200.jpg 300w, https:\/\/www.lahalteducoeurafrique.fr\/wp-content\/uploads\/2023\/01\/boite-dons-768x512.jpg 768w, https:\/\/www.lahalteducoeurafrique.fr\/wp-content\/uploads\/2023\/01\/boite-dons.jpg 1280w\" sizes=\"(max-width: 1024px) 100vw, 1024px\" \/>\t\t\t\t\t\t\t\t\t\t\t\t\t\t\t<\/div>\n\t\t\t\t<\/div>\n\t\t\t\t\t<\/div>\n\t\t<\/div>\n\t\t\t\t<div class=\"elementor-column elementor-col-50 elementor-top-column elementor-element elementor-element-7efd79d\" data-id=\"7efd79d\" data-element_type=\"column\">\n\t\t\t<div class=\"elementor-widget-wrap elementor-element-populated\">\n\t\t\t\t\t\t<div class=\"elementor-element elementor-element-dd093be elementor-widget elementor-widget-text-editor\" data-id=\"dd093be\" data-element_type=\"widget\" data-widget_type=\"text-editor.default\">\n\t\t\t\t<div class=\"elementor-widget-container\">\n\t\t\t\t\t\t\t\t\t<p><span style=\"text-decoration: underline;\"><strong>Dons<\/strong><\/span><\/p><p>Une collecte de dons est effectu\u00e9e tous les mardis.<\/p><p>Les dons \u00e0 ne pas envoyer au Burkina Faso :<\/p><p>&#8211; M\u00e9dicaments<\/p><p>&#8211; Frigo et cong\u00e9lateur<\/p><p>&#8211; Fauteuil \u00e9lectrique<\/p><p>&#8211; Pneus<\/p>\t\t\t\t\t\t\t\t<\/div>\n\t\t\t\t<\/div>\n\t\t\t\t\t<\/div>\n\t\t<\/div>\n\t\t\t\t\t<\/div>\n\t\t<\/section>\n\t\t\t\t<section class=\"elementor-section elementor-top-section elementor-element elementor-element-0e3fc40 elementor-section-boxed elementor-section-height-default elementor-section-height-default\" data-id=\"0e3fc40\" data-element_type=\"section\">\n\t\t\t\t\t\t<div class=\"elementor-container elementor-column-gap-default\">\n\t\t\t\t\t<div class=\"elementor-column elementor-col-50 elementor-top-column elementor-element elementor-element-d35be01\" data-id=\"d35be01\" data-element_type=\"column\">\n\t\t\t<div class=\"elementor-widget-wrap elementor-element-populated\">\n\t\t\t\t\t\t<div class=\"elementor-element elementor-element-58297a7 elementor-widget elementor-widget-image\" data-id=\"58297a7\" data-element_type=\"widget\" data-widget_type=\"image.default\">\n\t\t\t\t<div class=\"elementor-widget-container\">\n\t\t\t\t\t\t\t\t\t\t\t\t\t\t\t<img decoding=\"async\" width=\"1024\" height=\"683\" src=\"https:\/\/www.lahalteducoeurafrique.fr\/wp-content\/uploads\/2025\/04\/Confection-colis.webp\" class=\"attachment-large size-large wp-image-728\" alt=\"\" srcset=\"https:\/\/www.lahalteducoeurafrique.fr\/wp-content\/uploads\/2025\/04\/Confection-colis.webp 1024w, https:\/\/www.lahalteducoeurafrique.fr\/wp-content\/uploads\/2025\/04\/Confection-colis-300x200.webp 300w, https:\/\/www.lahalteducoeurafrique.fr\/wp-content\/uploads\/2025\/04\/Confection-colis-768x512.webp 768w\" sizes=\"(max-width: 1024px) 100vw, 1024px\" \/>\t\t\t\t\t\t\t\t\t\t\t\t\t\t\t<\/div>\n\t\t\t\t<\/div>\n\t\t\t\t\t<\/div>\n\t\t<\/div>\n\t\t\t\t<div class=\"elementor-column elementor-col-50 elementor-top-column elementor-element elementor-element-24eef0e\" data-id=\"24eef0e\" data-element_type=\"column\">\n\t\t\t<div class=\"elementor-widget-wrap elementor-element-populated\">\n\t\t\t\t\t\t<div class=\"elementor-element elementor-element-1c65232 elementor-widget elementor-widget-text-editor\" data-id=\"1c65232\" data-element_type=\"widget\" data-widget_type=\"text-editor.default\">\n\t\t\t\t<div class=\"elementor-widget-container\">\n\t\t\t\t\t\t\t\t\t<p><span style=\"text-decoration: underline;\"><strong>Tri et confection de colis<\/strong><\/span><\/p><p>A l&rsquo;entrep\u00f4t de l&rsquo;association, des liens se tissent entre B\u00e9n\u00e9voles de toute comp\u00e9tence, pour trier, confectionner, r\u00e9parer, stocker,&#8230; avant l&rsquo;envoi vers le Burkina Faso. Les bonnes volont\u00e9s sont toujours accept\u00e9es.<\/p>\t\t\t\t\t\t\t\t<\/div>\n\t\t\t\t<\/div>\n\t\t\t\t\t<\/div>\n\t\t<\/div>\n\t\t\t\t\t<\/div>\n\t\t<\/section>\n\t\t\t\t<\/div>\n\t\t","protected":false},"excerpt":{"rendered":"<p>Les activit\u00e9s de l&rsquo;association Transport Pour le compte d\u2019associations, \u00e9coles, institutions, particuliers souhaitant envoyer des marchandises exclusivement \u00e0 but humanitaire \u00e0 des b\u00e9n\u00e9ficiaires au Burkina Faso. Une\u00a0 logistique \u00e0 votre service trois fois par an pour vos envois vers le Burkina Faso. Un transport maritime s\u00e9curis\u00e9 jusqu\u2019\u00e0 Ouagadougou (capitale du Burkina Faso). Les r\u00e9ceptions et [&hellip;]<\/p>\n","protected":false},"author":1,"featured_media":0,"parent":0,"menu_order":0,"comment_status":"closed","ping_status":"closed","template":"","meta":{"om_disable_all_campaigns":false,"_monsterinsights_skip_tracking":false,"_monsterinsights_sitenote_active":false,"_monsterinsights_sitenote_note":"","_monsterinsights_sitenote_category":0,"ocean_post_layout":"","ocean_both_sidebars_style":"","ocean_both_sidebars_content_width":0,"ocean_both_sidebars_sidebars_width":0,"ocean_sidebar":"0","ocean_second_sidebar":"0","ocean_disable_margins":"enable","ocean_add_body_class":"","ocean_shortcode_before_top_bar":"","ocean_shortcode_after_top_bar":"","ocean_shortcode_before_header":"","ocean_shortcode_after_header":"","ocean_has_shortcode":"","ocean_shortcode_after_title":"","ocean_shortcode_before_footer_widgets":"","ocean_shortcode_after_footer_widgets":"","ocean_shortcode_before_footer_bottom":"","ocean_shortcode_after_footer_bottom":"","ocean_display_top_bar":"default","ocean_display_header":"default","ocean_header_style":"","ocean_center_header_left_menu":"0","ocean_custom_header_template":"0","ocean_custom_logo":0,"ocean_custom_retina_logo":0,"ocean_custom_logo_max_width":0,"ocean_custom_logo_tablet_max_width":0,"ocean_custom_logo_mobile_max_width":0,"ocean_custom_logo_max_height":0,"ocean_custom_logo_tablet_max_height":0,"ocean_custom_logo_mobile_max_height":0,"ocean_header_custom_menu":"0","ocean_menu_typo_font_family":"0","ocean_menu_typo_font_subset":"","ocean_menu_typo_font_size":0,"ocean_menu_typo_font_size_tablet":0,"ocean_menu_typo_font_size_mobile":0,"ocean_menu_typo_font_size_unit":"px","ocean_menu_typo_font_weight":"","ocean_menu_typo_font_weight_tablet":"","ocean_menu_typo_font_weight_mobile":"","ocean_menu_typo_transform":"","ocean_menu_typo_transform_tablet":"","ocean_menu_typo_transform_mobile":"","ocean_menu_typo_line_height":0,"ocean_menu_typo_line_height_tablet":0,"ocean_menu_typo_line_height_mobile":0,"ocean_menu_typo_line_height_unit":"","ocean_menu_typo_spacing":0,"ocean_menu_typo_spacing_tablet":0,"ocean_menu_typo_spacing_mobile":0,"ocean_menu_typo_spacing_unit":"","ocean_menu_link_color":"","ocean_menu_link_color_hover":"","ocean_menu_link_color_active":"","ocean_menu_link_background":"","ocean_menu_link_hover_background":"","ocean_menu_link_active_background":"","ocean_menu_social_links_bg":"","ocean_menu_social_hover_links_bg":"","ocean_menu_social_links_color":"","ocean_menu_social_hover_links_color":"","ocean_disable_title":"default","ocean_disable_heading":"default","ocean_post_title":"","ocean_post_subheading":"","ocean_post_title_style":"","ocean_post_title_background_color":"","ocean_post_title_background":0,"ocean_post_title_bg_image_position":"","ocean_post_title_bg_image_attachment":"","ocean_post_title_bg_image_repeat":"","ocean_post_title_bg_image_size":"","ocean_post_title_height":0,"ocean_post_title_bg_overlay":0.5,"ocean_post_title_bg_overlay_color":"","ocean_disable_breadcrumbs":"default","ocean_breadcrumbs_color":"","ocean_breadcrumbs_separator_color":"","ocean_breadcrumbs_links_color":"","ocean_breadcrumbs_links_hover_color":"","ocean_display_footer_widgets":"default","ocean_display_footer_bottom":"default","ocean_custom_footer_template":"0","footnotes":""},"class_list":["post-8","page","type-page","status-publish","hentry","entry"],"_links":{"self":[{"href":"https:\/\/www.lahalteducoeurafrique.fr\/index.php\/wp-json\/wp\/v2\/pages\/8","targetHints":{"allow":["GET"]}}],"collection":[{"href":"https:\/\/www.lahalteducoeurafrique.fr\/index.php\/wp-json\/wp\/v2\/pages"}],"about":[{"href":"https:\/\/www.lahalteducoeurafrique.fr\/index.php\/wp-json\/wp\/v2\/types\/page"}],"author":[{"embeddable":true,"href":"https:\/\/www.lahalteducoeurafrique.fr\/index.php\/wp-json\/wp\/v2\/users\/1"}],"replies":[{"embeddable":true,"href":"https:\/\/www.lahalteducoeurafrique.fr\/index.php\/wp-json\/wp\/v2\/comments?post=8"}],"version-history":[{"count":33,"href":"https:\/\/www.lahalteducoeurafrique.fr\/index.php\/wp-json\/wp\/v2\/pages\/8\/revisions"}],"predecessor-version":[{"id":819,"href":"https:\/\/www.lahalteducoeurafrique.fr\/index.php\/wp-json\/wp\/v2\/pages\/8\/revisions\/819"}],"wp:attachment":[{"href":"https:\/\/www.lahalteducoeurafrique.fr\/index.php\/wp-json\/wp\/v2\/media?parent=8"}],"curies":[{"name":"wp","href":"https:\/\/api.w.org\/{rel}","templated":true}]}}