{"id":70,"date":"2023-01-26T22:35:26","date_gmt":"2023-01-26T21:35:26","guid":{"rendered":"http:\/\/wwuipzb.cluster031.hosting.ovh.net\/?page_id=70"},"modified":"2025-03-22T22:27:18","modified_gmt":"2025-03-22T21:27:18","slug":"historique","status":"publish","type":"page","link":"https:\/\/www.lahalteducoeurafrique.fr\/index.php\/historique\/","title":{"rendered":"HISTORIQUE"},"content":{"rendered":"\t\t<div data-elementor-type=\"wp-page\" data-elementor-id=\"70\" class=\"elementor elementor-70\">\n\t\t\t\t\t\t<section class=\"elementor-section elementor-top-section elementor-element elementor-element-458c96e elementor-section-boxed elementor-section-height-default elementor-section-height-default\" data-id=\"458c96e\" data-element_type=\"section\">\n\t\t\t\t\t\t<div class=\"elementor-container elementor-column-gap-default\">\n\t\t\t\t\t<div class=\"elementor-column elementor-col-100 elementor-top-column elementor-element elementor-element-229967f\" data-id=\"229967f\" data-element_type=\"column\">\n\t\t\t<div class=\"elementor-widget-wrap elementor-element-populated\">\n\t\t\t\t\t\t<div class=\"elementor-element elementor-element-5bd36f8 elementor-widget elementor-widget-text-editor\" data-id=\"5bd36f8\" data-element_type=\"widget\" data-widget_type=\"text-editor.default\">\n\t\t\t\t<div class=\"elementor-widget-container\">\n\t\t\t\t\t\t\t\t\t<h4><span style=\"color: #000000;\">LA HALTE DU C\u0152UR AFRIQUE \u00e9t\u00e9 cr\u00e9\u00e9e en 1995 par Monsieur Louis Marie HUMEAU.<\/span><\/h4>\t\t\t\t\t\t\t\t<\/div>\n\t\t\t\t<\/div>\n\t\t\t\t\t<\/div>\n\t\t<\/div>\n\t\t\t\t\t<\/div>\n\t\t<\/section>\n\t\t\t\t<section class=\"elementor-section elementor-top-section elementor-element elementor-element-6bba32b elementor-section-boxed elementor-section-height-default elementor-section-height-default\" data-id=\"6bba32b\" data-element_type=\"section\">\n\t\t\t\t\t\t<div class=\"elementor-container elementor-column-gap-default\">\n\t\t\t\t\t<div class=\"elementor-column elementor-col-25 elementor-top-column elementor-element elementor-element-635b10c\" data-id=\"635b10c\" data-element_type=\"column\">\n\t\t\t<div class=\"elementor-widget-wrap elementor-element-populated\">\n\t\t\t\t\t\t<div class=\"elementor-element elementor-element-47de362 elementor-widget elementor-widget-image\" data-id=\"47de362\" data-element_type=\"widget\" data-widget_type=\"image.default\">\n\t\t\t\t<div class=\"elementor-widget-container\">\n\t\t\t\t\t\t\t\t\t\t\t\t\t\t\t<img fetchpriority=\"high\" decoding=\"async\" width=\"350\" height=\"350\" src=\"https:\/\/www.lahalteducoeurafrique.fr\/wp-content\/uploads\/2023\/02\/HOMME-1.jpg\" class=\"attachment-large size-large wp-image-511\" alt=\"\" srcset=\"https:\/\/www.lahalteducoeurafrique.fr\/wp-content\/uploads\/2023\/02\/HOMME-1.jpg 350w, https:\/\/www.lahalteducoeurafrique.fr\/wp-content\/uploads\/2023\/02\/HOMME-1-300x300.jpg 300w, https:\/\/www.lahalteducoeurafrique.fr\/wp-content\/uploads\/2023\/02\/HOMME-1-150x150.jpg 150w\" sizes=\"(max-width: 350px) 100vw, 350px\" \/>\t\t\t\t\t\t\t\t\t\t\t\t\t\t\t<\/div>\n\t\t\t\t<\/div>\n\t\t\t\t<div class=\"elementor-element elementor-element-4698aa4 elementor-widget elementor-widget-text-editor\" data-id=\"4698aa4\" data-element_type=\"widget\" data-widget_type=\"text-editor.default\">\n\t\t\t\t<div class=\"elementor-widget-container\">\n\t\t\t\t\t\t\t\t\t<ul><li><h4>HUMEAU Louis-Marie<\/h4><\/li><li>Pr\u00e9sident de\u00a0 1995 &#8211; 2000<\/li><\/ul>\t\t\t\t\t\t\t\t<\/div>\n\t\t\t\t<\/div>\n\t\t\t\t\t<\/div>\n\t\t<\/div>\n\t\t\t\t<div class=\"elementor-column elementor-col-25 elementor-top-column elementor-element elementor-element-fb698a8\" data-id=\"fb698a8\" data-element_type=\"column\">\n\t\t\t<div class=\"elementor-widget-wrap\">\n\t\t\t\t\t\t\t<\/div>\n\t\t<\/div>\n\t\t\t\t<div class=\"elementor-column elementor-col-25 elementor-top-column elementor-element elementor-element-04d922e\" data-id=\"04d922e\" data-element_type=\"column\">\n\t\t\t<div class=\"elementor-widget-wrap elementor-element-populated\">\n\t\t\t\t\t\t<div class=\"elementor-element elementor-element-f7237dc elementor-widget elementor-widget-image\" data-id=\"f7237dc\" data-element_type=\"widget\" data-widget_type=\"image.default\">\n\t\t\t\t<div class=\"elementor-widget-container\">\n\t\t\t\t\t\t\t\t\t\t\t\t\t\t\t<img decoding=\"async\" width=\"545\" height=\"545\" src=\"https:\/\/www.lahalteducoeurafrique.fr\/wp-content\/uploads\/2023\/02\/FEMME-3.jpg\" class=\"attachment-large size-large wp-image-510\" alt=\"\" srcset=\"https:\/\/www.lahalteducoeurafrique.fr\/wp-content\/uploads\/2023\/02\/FEMME-3.jpg 545w, https:\/\/www.lahalteducoeurafrique.fr\/wp-content\/uploads\/2023\/02\/FEMME-3-300x300.jpg 300w, https:\/\/www.lahalteducoeurafrique.fr\/wp-content\/uploads\/2023\/02\/FEMME-3-150x150.jpg 150w\" sizes=\"(max-width: 545px) 100vw, 545px\" \/>\t\t\t\t\t\t\t\t\t\t\t\t\t\t\t<\/div>\n\t\t\t\t<\/div>\n\t\t\t\t<div class=\"elementor-element elementor-element-49dc24c elementor-widget elementor-widget-text-editor\" data-id=\"49dc24c\" data-element_type=\"widget\" data-widget_type=\"text-editor.default\">\n\t\t\t\t<div class=\"elementor-widget-container\">\n\t\t\t\t\t\t\t\t\t<ul><li><h4>LETHEUIL Marie-Jo<\/h4><\/li><li>Pr\u00e9sidente<\/li><\/ul>\t\t\t\t\t\t\t\t<\/div>\n\t\t\t\t<\/div>\n\t\t\t\t\t<\/div>\n\t\t<\/div>\n\t\t\t\t<div class=\"elementor-column elementor-col-25 elementor-top-column elementor-element elementor-element-c209ad9\" data-id=\"c209ad9\" data-element_type=\"column\">\n\t\t\t<div class=\"elementor-widget-wrap\">\n\t\t\t\t\t\t\t<\/div>\n\t\t<\/div>\n\t\t\t\t\t<\/div>\n\t\t<\/section>\n\t\t\t\t<section class=\"elementor-section elementor-top-section elementor-element elementor-element-db77c4c elementor-section-boxed elementor-section-height-default elementor-section-height-default\" data-id=\"db77c4c\" data-element_type=\"section\">\n\t\t\t\t\t\t<div class=\"elementor-container elementor-column-gap-default\">\n\t\t\t\t\t<div class=\"elementor-column elementor-col-25 elementor-top-column elementor-element elementor-element-8505661\" data-id=\"8505661\" data-element_type=\"column\">\n\t\t\t<div class=\"elementor-widget-wrap elementor-element-populated\">\n\t\t\t\t\t\t<div class=\"elementor-element elementor-element-7123b4b elementor-widget elementor-widget-image\" data-id=\"7123b4b\" data-element_type=\"widget\" data-widget_type=\"image.default\">\n\t\t\t\t<div class=\"elementor-widget-container\">\n\t\t\t\t\t\t\t\t\t\t\t\t\t\t\t<img fetchpriority=\"high\" decoding=\"async\" width=\"350\" height=\"350\" src=\"https:\/\/www.lahalteducoeurafrique.fr\/wp-content\/uploads\/2023\/02\/HOMME-1.jpg\" class=\"attachment-large size-large wp-image-511\" alt=\"\" srcset=\"https:\/\/www.lahalteducoeurafrique.fr\/wp-content\/uploads\/2023\/02\/HOMME-1.jpg 350w, https:\/\/www.lahalteducoeurafrique.fr\/wp-content\/uploads\/2023\/02\/HOMME-1-300x300.jpg 300w, https:\/\/www.lahalteducoeurafrique.fr\/wp-content\/uploads\/2023\/02\/HOMME-1-150x150.jpg 150w\" sizes=\"(max-width: 350px) 100vw, 350px\" \/>\t\t\t\t\t\t\t\t\t\t\t\t\t\t\t<\/div>\n\t\t\t\t<\/div>\n\t\t\t\t<div class=\"elementor-element elementor-element-3ea77d6 elementor-widget elementor-widget-text-editor\" data-id=\"3ea77d6\" data-element_type=\"widget\" data-widget_type=\"text-editor.default\">\n\t\t\t\t<div class=\"elementor-widget-container\">\n\t\t\t\t\t\t\t\t\t<ul><li><h4>CAILLEAU Michel<\/h4><\/li><li>Pr\u00e9sident\u00a0<\/li><\/ul>\t\t\t\t\t\t\t\t<\/div>\n\t\t\t\t<\/div>\n\t\t\t\t\t<\/div>\n\t\t<\/div>\n\t\t\t\t<div class=\"elementor-column elementor-col-25 elementor-top-column elementor-element elementor-element-cbde098\" data-id=\"cbde098\" data-element_type=\"column\">\n\t\t\t<div class=\"elementor-widget-wrap\">\n\t\t\t\t\t\t\t<\/div>\n\t\t<\/div>\n\t\t\t\t<div class=\"elementor-column elementor-col-25 elementor-top-column elementor-element elementor-element-2b48742\" data-id=\"2b48742\" data-element_type=\"column\">\n\t\t\t<div class=\"elementor-widget-wrap elementor-element-populated\">\n\t\t\t\t\t\t<div class=\"elementor-element elementor-element-e6d66ad elementor-widget elementor-widget-image\" data-id=\"e6d66ad\" data-element_type=\"widget\" data-widget_type=\"image.default\">\n\t\t\t\t<div class=\"elementor-widget-container\">\n\t\t\t\t\t\t\t\t\t\t\t\t\t\t\t<img fetchpriority=\"high\" decoding=\"async\" width=\"350\" height=\"350\" src=\"https:\/\/www.lahalteducoeurafrique.fr\/wp-content\/uploads\/2023\/02\/HOMME-1.jpg\" class=\"attachment-large size-large wp-image-511\" alt=\"\" srcset=\"https:\/\/www.lahalteducoeurafrique.fr\/wp-content\/uploads\/2023\/02\/HOMME-1.jpg 350w, https:\/\/www.lahalteducoeurafrique.fr\/wp-content\/uploads\/2023\/02\/HOMME-1-300x300.jpg 300w, https:\/\/www.lahalteducoeurafrique.fr\/wp-content\/uploads\/2023\/02\/HOMME-1-150x150.jpg 150w\" sizes=\"(max-width: 350px) 100vw, 350px\" \/>\t\t\t\t\t\t\t\t\t\t\t\t\t\t\t<\/div>\n\t\t\t\t<\/div>\n\t\t\t\t<div class=\"elementor-element elementor-element-bdf82ab elementor-widget elementor-widget-text-editor\" data-id=\"bdf82ab\" data-element_type=\"widget\" data-widget_type=\"text-editor.default\">\n\t\t\t\t<div class=\"elementor-widget-container\">\n\t\t\t\t\t\t\t\t\t<ul><li><h4>BANCHEREAU Jean-Paul<\/h4><\/li><li>Pr\u00e9sident\u00a0<\/li><\/ul>\t\t\t\t\t\t\t\t<\/div>\n\t\t\t\t<\/div>\n\t\t\t\t\t<\/div>\n\t\t<\/div>\n\t\t\t\t<div class=\"elementor-column elementor-col-25 elementor-top-column elementor-element elementor-element-0f52e08\" data-id=\"0f52e08\" data-element_type=\"column\">\n\t\t\t<div class=\"elementor-widget-wrap\">\n\t\t\t\t\t\t\t<\/div>\n\t\t<\/div>\n\t\t\t\t\t<\/div>\n\t\t<\/section>\n\t\t\t\t<section class=\"elementor-section elementor-top-section elementor-element elementor-element-9e8078d elementor-section-boxed elementor-section-height-default elementor-section-height-default\" data-id=\"9e8078d\" data-element_type=\"section\">\n\t\t\t\t\t\t<div class=\"elementor-container elementor-column-gap-default\">\n\t\t\t\t\t<div class=\"elementor-column elementor-col-25 elementor-top-column elementor-element elementor-element-e1013e0\" data-id=\"e1013e0\" data-element_type=\"column\">\n\t\t\t<div class=\"elementor-widget-wrap elementor-element-populated\">\n\t\t\t\t\t\t<div class=\"elementor-element elementor-element-3c63a11 elementor-widget elementor-widget-image\" data-id=\"3c63a11\" data-element_type=\"widget\" data-widget_type=\"image.default\">\n\t\t\t\t<div class=\"elementor-widget-container\">\n\t\t\t\t\t\t\t\t\t\t\t\t\t\t\t<img fetchpriority=\"high\" decoding=\"async\" width=\"350\" height=\"350\" src=\"https:\/\/www.lahalteducoeurafrique.fr\/wp-content\/uploads\/2023\/02\/HOMME-1.jpg\" class=\"attachment-large size-large wp-image-511\" alt=\"\" srcset=\"https:\/\/www.lahalteducoeurafrique.fr\/wp-content\/uploads\/2023\/02\/HOMME-1.jpg 350w, https:\/\/www.lahalteducoeurafrique.fr\/wp-content\/uploads\/2023\/02\/HOMME-1-300x300.jpg 300w, https:\/\/www.lahalteducoeurafrique.fr\/wp-content\/uploads\/2023\/02\/HOMME-1-150x150.jpg 150w\" sizes=\"(max-width: 350px) 100vw, 350px\" \/>\t\t\t\t\t\t\t\t\t\t\t\t\t\t\t<\/div>\n\t\t\t\t<\/div>\n\t\t\t\t<div class=\"elementor-element elementor-element-b67f551 elementor-widget elementor-widget-text-editor\" data-id=\"b67f551\" data-element_type=\"widget\" data-widget_type=\"text-editor.default\">\n\t\t\t\t<div class=\"elementor-widget-container\">\n\t\t\t\t\t\t\t\t\t<ul><li><h4>RENOU Paul<\/h4><\/li><li>Pr\u00e9sident\u00a0<\/li><\/ul>\t\t\t\t\t\t\t\t<\/div>\n\t\t\t\t<\/div>\n\t\t\t\t\t<\/div>\n\t\t<\/div>\n\t\t\t\t<div class=\"elementor-column elementor-col-25 elementor-top-column elementor-element elementor-element-59c6cad\" data-id=\"59c6cad\" data-element_type=\"column\">\n\t\t\t<div class=\"elementor-widget-wrap\">\n\t\t\t\t\t\t\t<\/div>\n\t\t<\/div>\n\t\t\t\t<div class=\"elementor-column elementor-col-25 elementor-top-column elementor-element elementor-element-18c67cf\" data-id=\"18c67cf\" data-element_type=\"column\">\n\t\t\t<div class=\"elementor-widget-wrap elementor-element-populated\">\n\t\t\t\t\t\t<div class=\"elementor-element elementor-element-a64662d elementor-widget elementor-widget-image\" data-id=\"a64662d\" data-element_type=\"widget\" data-widget_type=\"image.default\">\n\t\t\t\t<div class=\"elementor-widget-container\">\n\t\t\t\t\t\t\t\t\t\t\t\t\t\t\t<img decoding=\"async\" width=\"300\" height=\"300\" src=\"https:\/\/www.lahalteducoeurafrique.fr\/wp-content\/uploads\/2023\/02\/FEMME-2.png\" class=\"attachment-large size-large wp-image-509\" alt=\"\" srcset=\"https:\/\/www.lahalteducoeurafrique.fr\/wp-content\/uploads\/2023\/02\/FEMME-2.png 300w, https:\/\/www.lahalteducoeurafrique.fr\/wp-content\/uploads\/2023\/02\/FEMME-2-150x150.png 150w\" sizes=\"(max-width: 300px) 100vw, 300px\" \/>\t\t\t\t\t\t\t\t\t\t\t\t\t\t\t<\/div>\n\t\t\t\t<\/div>\n\t\t\t\t<div class=\"elementor-element elementor-element-6226c88 elementor-widget elementor-widget-text-editor\" data-id=\"6226c88\" data-element_type=\"widget\" data-widget_type=\"text-editor.default\">\n\t\t\t\t<div class=\"elementor-widget-container\">\n\t\t\t\t\t\t\t\t\t<ul><li><h4>GUILLOU HUMEAU Catherine<\/h4><\/li><li>Pr\u00e9sidente en exercice\u00a0<\/li><\/ul>\t\t\t\t\t\t\t\t<\/div>\n\t\t\t\t<\/div>\n\t\t\t\t\t<\/div>\n\t\t<\/div>\n\t\t\t\t<div class=\"elementor-column elementor-col-25 elementor-top-column elementor-element elementor-element-ec352ba\" data-id=\"ec352ba\" data-element_type=\"column\">\n\t\t\t<div class=\"elementor-widget-wrap elementor-element-populated\">\n\t\t\t\t\t\t\t<\/div>\n\t\t<\/div>\n\t\t\t\t\t<\/div>\n\t\t<\/section>\n\t\t\t\t<\/div>\n\t\t","protected":false},"excerpt":{"rendered":"<p>LA HALTE DU C\u0152UR AFRIQUE \u00e9t\u00e9 cr\u00e9\u00e9e en 1995 par Monsieur Louis Marie HUMEAU. HUMEAU Louis-Marie Pr\u00e9sident de\u00a0 1995 &#8211; 2000 LETHEUIL Marie-Jo Pr\u00e9sidente CAILLEAU Michel Pr\u00e9sident\u00a0 BANCHEREAU Jean-Paul Pr\u00e9sident\u00a0 RENOU Paul Pr\u00e9sident\u00a0 GUILLOU HUMEAU Catherine Pr\u00e9sidente en exercice\u00a0<\/p>\n","protected":false},"author":1,"featured_media":0,"parent":0,"menu_order":0,"comment_status":"closed","ping_status":"closed","template":"","meta":{"om_disable_all_campaigns":false,"_monsterinsights_skip_tracking":false,"_monsterinsights_sitenote_active":false,"_monsterinsights_sitenote_note":"","_monsterinsights_sitenote_category":0,"ocean_post_layout":"","ocean_both_sidebars_style":"","ocean_both_sidebars_content_width":0,"ocean_both_sidebars_sidebars_width":0,"ocean_sidebar":"0","ocean_second_sidebar":"0","ocean_disable_margins":"enable","ocean_add_body_class":"","ocean_shortcode_before_top_bar":"","ocean_shortcode_after_top_bar":"","ocean_shortcode_before_header":"","ocean_shortcode_after_header":"","ocean_has_shortcode":"","ocean_shortcode_after_title":"","ocean_shortcode_before_footer_widgets":"","ocean_shortcode_after_footer_widgets":"","ocean_shortcode_before_footer_bottom":"","ocean_shortcode_after_footer_bottom":"","ocean_display_top_bar":"default","ocean_display_header":"default","ocean_header_style":"","ocean_center_header_left_menu":"0","ocean_custom_header_template":"0","ocean_custom_logo":0,"ocean_custom_retina_logo":0,"ocean_custom_logo_max_width":0,"ocean_custom_logo_tablet_max_width":0,"ocean_custom_logo_mobile_max_width":0,"ocean_custom_logo_max_height":0,"ocean_custom_logo_tablet_max_height":0,"ocean_custom_logo_mobile_max_height":0,"ocean_header_custom_menu":"0","ocean_menu_typo_font_family":"0","ocean_menu_typo_font_subset":"","ocean_menu_typo_font_size":0,"ocean_menu_typo_font_size_tablet":0,"ocean_menu_typo_font_size_mobile":0,"ocean_menu_typo_font_size_unit":"px","ocean_menu_typo_font_weight":"","ocean_menu_typo_font_weight_tablet":"","ocean_menu_typo_font_weight_mobile":"","ocean_menu_typo_transform":"","ocean_menu_typo_transform_tablet":"","ocean_menu_typo_transform_mobile":"","ocean_menu_typo_line_height":0,"ocean_menu_typo_line_height_tablet":0,"ocean_menu_typo_line_height_mobile":0,"ocean_menu_typo_line_height_unit":"","ocean_menu_typo_spacing":0,"ocean_menu_typo_spacing_tablet":0,"ocean_menu_typo_spacing_mobile":0,"ocean_menu_typo_spacing_unit":"","ocean_menu_link_color":"","ocean_menu_link_color_hover":"","ocean_menu_link_color_active":"","ocean_menu_link_background":"","ocean_menu_link_hover_background":"","ocean_menu_link_active_background":"","ocean_menu_social_links_bg":"","ocean_menu_social_hover_links_bg":"","ocean_menu_social_links_color":"","ocean_menu_social_hover_links_color":"","ocean_disable_title":"default","ocean_disable_heading":"default","ocean_post_title":"","ocean_post_subheading":"","ocean_post_title_style":"","ocean_post_title_background_color":"","ocean_post_title_background":0,"ocean_post_title_bg_image_position":"","ocean_post_title_bg_image_attachment":"","ocean_post_title_bg_image_repeat":"","ocean_post_title_bg_image_size":"","ocean_post_title_height":0,"ocean_post_title_bg_overlay":0.5,"ocean_post_title_bg_overlay_color":"","ocean_disable_breadcrumbs":"default","ocean_breadcrumbs_color":"","ocean_breadcrumbs_separator_color":"","ocean_breadcrumbs_links_color":"","ocean_breadcrumbs_links_hover_color":"","ocean_display_footer_widgets":"default","ocean_display_footer_bottom":"default","ocean_custom_footer_template":"0","footnotes":""},"class_list":["post-70","page","type-page","status-publish","hentry","entry"],"_links":{"self":[{"href":"https:\/\/www.lahalteducoeurafrique.fr\/index.php\/wp-json\/wp\/v2\/pages\/70","targetHints":{"allow":["GET"]}}],"collection":[{"href":"https:\/\/www.lahalteducoeurafrique.fr\/index.php\/wp-json\/wp\/v2\/pages"}],"about":[{"href":"https:\/\/www.lahalteducoeurafrique.fr\/index.php\/wp-json\/wp\/v2\/types\/page"}],"author":[{"embeddable":true,"href":"https:\/\/www.lahalteducoeurafrique.fr\/index.php\/wp-json\/wp\/v2\/users\/1"}],"replies":[{"embeddable":true,"href":"https:\/\/www.lahalteducoeurafrique.fr\/index.php\/wp-json\/wp\/v2\/comments?post=70"}],"version-history":[{"count":35,"href":"https:\/\/www.lahalteducoeurafrique.fr\/index.php\/wp-json\/wp\/v2\/pages\/70\/revisions"}],"predecessor-version":[{"id":706,"href":"https:\/\/www.lahalteducoeurafrique.fr\/index.php\/wp-json\/wp\/v2\/pages\/70\/revisions\/706"}],"wp:attachment":[{"href":"https:\/\/www.lahalteducoeurafrique.fr\/index.php\/wp-json\/wp\/v2\/media?parent=70"}],"curies":[{"name":"wp","href":"https:\/\/api.w.org\/{rel}","templated":true}]}}